{"id":1250,"date":"2021-11-28T20:56:28","date_gmt":"2021-11-28T20:56:28","guid":{"rendered":"https:\/\/olntires.com\/wpolntires\/?post_type=product&#038;p=1250"},"modified":"2021-12-01T17:30:05","modified_gmt":"2021-12-01T17:30:05","slug":"qr55-st","status":"publish","type":"product","link":"https:\/\/olntires.com\/wpolntires\/producto\/qr55-st\/","title":{"rendered":"QR55 ST"},"content":{"rendered":"<p>\u2022 Llanta Premium toda posici\u00f3n.<br \/>\n\u2022 Llanta Radial de acero para uso en carretera. Especialmente dise\u00f1ada para eje delantero y toda posici\u00f3n.<br \/>\n\u2022 Banda de rodamiento con 5 surcos longitudinales que garantizan un excelente manejo y larga duraci\u00f3n<\/p>\n<p>Gladiador QR55-ST<\/p>\n<p>El Gladiator QR55-ST es un neum\u00e1tico de carretera para todas las estaciones fabricado para camiones comerciales. El neum\u00e1tico garantiza una experiencia de conducci\u00f3n m\u00e1s segura en todas las condiciones clim\u00e1ticas de la carretera, mientras que las ranuras circunferenciales resisten activamente las situaciones de hidroplaneo. El modelo fue dise\u00f1ado para ser colocado en los ejes de direcci\u00f3n y en todas las posiciones para garantizar una conducci\u00f3n segura. El dise\u00f1o de cinco nervaduras mantiene el contacto con la carretera y aumenta la capacidad de respuesta de la direcci\u00f3n y la estabilidad de conducci\u00f3n. El dise\u00f1o de la banda de rodadura tambi\u00e9n evita que se formen patrones de desgaste irregulares en el \u00e1rea de la banda de rodadura. La estructura interna del QR55-ST cuenta con correas de acero gemelas que mantienen la forma \u00f3ptima del neum\u00e1tico bajo la presi\u00f3n de conducci\u00f3n.<\/p>\n","protected":false},"excerpt":{"rendered":"<p>\u2022 Llanta Premium toda posici\u00f3n. \u2022 Llanta Radial de acero para uso en carretera. Especialmente dise\u00f1ada para eje delantero y toda posici\u00f3n. \u2022 Banda de rodamiento con 5 surcos longitudinales que garantizan un excelente manejo y larga duraci\u00f3n Gladiador QR55-ST El Gladiator QR55-ST es un neum\u00e1tico de carretera para todas las estaciones fabricado para camiones &hellip;<\/p>\n<p class=\"read-more\"> <a class=\"\" href=\"https:\/\/olntires.com\/wpolntires\/producto\/qr55-st\/\"> <span class=\"screen-reader-text\">QR55 ST<\/span> Leer m\u00e1s &raquo;<\/a><\/p>\n","protected":false},"featured_media":1476,"comment_status":"open","ping_status":"closed","template":"","meta":{"site-sidebar-layout":"default","site-content-layout":"default","ast-main-header-display":"","ast-hfb-above-header-display":"","ast-hfb-below-header-display":"","ast-hfb-mobile-header-display":"","site-post-title":"","ast-breadcrumbs-content":"","ast-featured-img":"","footer-sml-layout":"","theme-transparent-header-meta":"default","adv-header-id-meta":"","stick-header-meta":"","header-above-stick-meta":"","header-main-stick-meta":"","header-below-stick-meta":""},"product_cat":[28,24],"product_tag":[],"class_list":["post-1250","product","type-product","status-publish","has-post-thumbnail","hentry","product_cat-gladiator","product_cat-llantas-para-camion","align-center","box-shadow-3","box-shadow-3-hover","ast-product-gallery-layout-horizontal","ast-product-tabs-layout-vertical","ast-qv-on-image"],"_links":{"self":[{"href":"https:\/\/olntires.com\/wpolntires\/wp-json\/wp\/v2\/product\/1250","targetHints":{"allow":["GET"]}}],"collection":[{"href":"https:\/\/olntires.com\/wpolntires\/wp-json\/wp\/v2\/product"}],"about":[{"href":"https:\/\/olntires.com\/wpolntires\/wp-json\/wp\/v2\/types\/product"}],"replies":[{"embeddable":true,"href":"https:\/\/olntires.com\/wpolntires\/wp-json\/wp\/v2\/comments?post=1250"}],"wp:featuredmedia":[{"embeddable":true,"href":"https:\/\/olntires.com\/wpolntires\/wp-json\/wp\/v2\/media\/1476"}],"wp:attachment":[{"href":"https:\/\/olntires.com\/wpolntires\/wp-json\/wp\/v2\/media?parent=1250"}],"wp:term":[{"taxonomy":"product_cat","embeddable":true,"href":"https:\/\/olntires.com\/wpolntires\/wp-json\/wp\/v2\/product_cat?post=1250"},{"taxonomy":"product_tag","embeddable":true,"href":"https:\/\/olntires.com\/wpolntires\/wp-json\/wp\/v2\/product_tag?post=1250"}],"curies":[{"name":"wp","href":"https:\/\/api.w.org\/{rel}","templated":true}]}}